{"id":5557,"date":"2017-04-27T09:42:16","date_gmt":"2017-04-27T06:42:16","guid":{"rendered":"http:\/\/www.maribell.ee\/en\/services-2\/kosmeetik\/nimue-naohooldused\/"},"modified":"2022-06-21T13:53:19","modified_gmt":"2022-06-21T10:53:19","slug":"nimue-naohooldused","status":"publish","type":"page","link":"https:\/\/www.maribell.ee\/en\/services\/cosmetic\/nimue-naohooldused\/","title":{"rendered":"Nimue n\u00e4ohooldused"},"content":{"rendered":"<p>[vc_row][vc_column]<h3 class=\"ozy-divider-cap-left wpb_content_element\">Nimue n\u00e4ohooldused<\/h3><div class=\"ozy-content-divider \" style=\"border-top-style:solid;border-top-width:2px;border-top-color:#f33337;width:40px;max-width:40px;\"><\/div>[vc_column_text]<b>TAASNOORENDAV JA RAVIV N\u00c4OHOOLDUSSARI &#8211; NIMUE ilusalongis Maribell!<\/b><\/p>\n<p><b>NIMUE (h\u00e4\u00e4ldus: nimju) on uue generatsiooni dermakosmetseutiline (kosmeetika + farmatseutika) nahahooldussari, mis pakub efektiivseid hooldustooteid erinevatele nahat\u00fc\u00fcpidele ja vanusegruppidele.<\/b><\/p>\n<p><i>NIMUE nahaekspertide poolt v\u00e4lja t\u00f6\u00f6datud unikaalne filosoofia tugineb neljale naha hoolduse printsiibile: Noorendamine, Taastamine, Antioks\u00fcdeerimine ja P\u00e4ikesekaitse. NIMUE professionaalsed ja igap\u00e4evased kodus kasutatavad hooldusvahendid sisaldavad optimaalses kontsentratsioonis farmatseutilisi koostisosasid, tipptasemel antioks\u00fcdante, k\u00f5rgkvaliteediga f\u00fctotseutikaale, peptiide, UV- filtreid, happeid ja ens\u00fc\u00fcme. K\u00f5ik aktiivained on suunatud puhastama, viimistlema ja uuendama nahka ka s\u00fcgavamates kihtides. Sellised lisandid nagu vitamiinide C ja E estrid, pigmendi t\u00f5kestajad, sojauba, riisi proteiin, \u201cKigelia Africana\u201d ekstraktid ja eeterlikud \u00f5lid aitavad kaasa naha tervendamisele ja taasnoorendamisele. NIMUE ravib efektiivselt kahjustunud nahka s\u00fcgavuti ja loob tervislikuma naha l\u00e4bi aktiivse noorendamise.<\/i><\/p>\n<p><b><\/b><b>MIKS HAPPED ON NAHALE OLULISED?<\/b><\/p>\n<p>Naha pH tase on keskmiselt 5.0 \u2013 5.5. Madalam pH t\u00e4hendab happelisemat keskkonda ja k\u00f5rgem pH t\u00e4hendab leeliselisemat keskkonda. NIMUE p\u00fc\u00fcdleb madalama pH taseme poole, milleks on pH 3.0. Kuldne pH ehk pH 3.0 juures on naha ja naha pealiskoe rakkude uuenemine k\u00f5ige efektiivsem. Samuti aitab madal pH ehk happelisem keskkond t\u00f5sta naha kaitsev\u00f5imet. Nahal, mille pH tase on k\u00f5rge ehk leeliseline on suurem t\u00f5en\u00e4osus haigestuda aknesse ja muudesse nahahaigustesse, sest nahk vajab happelist keskkonda, et piirata bakterite kasvu ja paljunemist. Vananedes naha pH tase t\u00f5useb ning seet\u00f5ttu on oluline kasutada tooteid, mis tagaks nahale happelisema ehk madalama pH keskkonna. NIMUE tooted tagavad efektiivse nahakoe uuenemise ning nahk on paremini kaitstud p\u00e4ikese, tuule ja kuivuse eest.<\/p>\n<p><b>NIMUE kasutab k\u00f5rgema klassi teaduslikult p\u00f5hinevaid koostisosi, mis on ammutatud biotehnoloogilistest ja looduslikest allikatest. M\u00f5jusad toimeained p\u00e4rinevad L\u00f5una Aafrikast, Prantsusmaalt ja \u0160veitsist. NIMUE sari pakub n\u00e4o- ja kehatooteid nii kodus kui ka salongis kasutamiseks. V\u00e4ga soovitame aknele kalduvale nahale!<\/b><br \/>\n[\/vc_column_text][\/vc_column][\/vc_row][vc_row][vc_column]<div class=\"ozy-price-list ozy-border-color\"><h3>Nimue n\u00e4ohooldused<\/h3><table><tr><th>&nbsp;<\/th><th><\/th><\/tr><tr class=\"\"><td class=\"label\">Nimue s\u00fcgavpuhastav hooldus 60 min.<\/td><td class=\"v\">48\u20ac<\/td><\/tr><tr class=\"\"><td class=\"label\">Nimue teraapiline hooldus koos n\u00e4o-, kaela- ja dekoltee massaa\u017eiga 1 h<\/td><td class=\"v\">48\u20ac<\/td><\/tr><tr class=\"\"><td class=\"label\">Nimue teraapiline hooldus koos n\u00e4o-, kaela- ja dekoltee massaa\u017eiga 1,5 h<\/td><td class=\"v\">55\u20ac<\/td><\/tr><\/table><\/div>[\/vc_column][\/vc_row][vc_row][vc_column]<div class=\"ozy-price-list ozy-border-color\"><h3>Nimue aktiivne noorendav hooldus, 1h<\/h3><p>Aktiivne naha noorendav hooldus. T\u00f5hus, kuid \u00f5rn ja ohutu aktiivne ravi, mille tulemusena muutub naha dekstuur \u00fchtlasemaks, s\u00e4ravamaks ja eluj\u00f5ulisemaks ning pooride suurus v\u00e4heneb.<\/p><table><tr><th>&nbsp;<\/th><th><\/th><\/tr><tr class=\"\"><td class=\"label\">Nimue aktiivne noorendav hooldus, 1h<\/td><td class=\"v\">52\u20ac<\/td><\/tr><\/table><\/div>[\/vc_column][\/vc_row][vc_row][vc_column]<div class=\"ozy-price-list ozy-border-color\"><h3>Nimue aktiivne noorendav hooldus 15% bioaktiivse kompleksiga<\/h3><p>15% AHA hapetega noorendav hooldus koos TDS aktiivseerumiga v\u00f5imaldab parandada t\u00f5husalt keskkonna ja p\u00e4ikese poolt p\u00f5hjustatud naha kahjustusi ning t\u00e4nu uudsetele koostisainetele ja tehnoloogiale aitab parandada ka naha elastsust, toonust ja struktuuri.<\/p><table><tr><th>&nbsp;<\/th><th><\/th><\/tr><tr class=\"\"><td class=\"label\">Nimue aktiivne noorendav hooldus 15% bioaktiivse kompleksiga<\/td><td class=\"v\">52\u20ac<\/td><\/tr><\/table><\/div>[\/vc_column][\/vc_row][vc_row][vc_column]<div class=\"ozy-price-list ozy-border-color\"><h3>Nimue gl\u00fckoolhappega kooriv n\u00e4ohooldus<\/h3><p>Nahka uuendav keemiline happekoorimine 35%-lise gl\u00fckoolhappega aitab eemaldada pindmisi nahakihte, tuues esile s\u00e4ravama naha, kiirendada akne kollete paranemist, v\u00e4hendada ja \u00fchtlustada pigmenti ning pinnakuivust.<\/p><table><tr><th>&nbsp;<\/th><th><\/th><\/tr><tr class=\"\"><td class=\"label\">Nimue gl\u00fckoolhappega kooriv n\u00e4ohooldus<\/td><td class=\"v\">59\u20ac<\/td><\/tr><\/table><\/div>[\/vc_column][\/vc_row][vc_row][vc_column]<div class=\"ozy-price-list ozy-border-color\"><h3>Nimue Smart Resurfacer Piiling<\/h3><p>Nimue Smart Resurfacer on pindmine piiling, mis tagab samav\u00e4\u00e4rse tulemuse, kui keskmise s\u00fcgavusega piilingud, kuid ilma k\u00f5rvaltoimeteta, mida v\u00f5ivad tekitada s\u00fcgavamad piilingud. Eemaldab surnud rakud, noorendab tugevalt (loob struktuursed ja funktsionaalsed muutused nahas) , tugevdab naha barj\u00e4\u00e4ri.<\/p><table><tr><th>&nbsp;<\/th><th><\/th><\/tr><tr class=\"\"><td class=\"label\">Nimue Smart Resurfacer Piiling<\/td><td class=\"v\">59\u20ac<\/td><\/tr><\/table><\/div>[\/vc_column][\/vc_row][vc_row][vc_column]<div class=\"ozy-price-list ozy-border-color\"><h3>Nimue akne hooldus (SRC Aktiivhooldus)<\/h3><p>T\u00f5husalt kooriv hooldus, on m\u00f5eldud probleemsele ( aknega ja aknele kalduvale) nahale. Aktiivsed koostisained h\u00f5lbustavad naha pindmist koorimist ja aitavad ravida probleemset nahka.<\/p><table><tr><th>&nbsp;<\/th><th><\/th><\/tr><tr class=\"\"><td class=\"label\">Nimue akne hooldus (SRC Aktiivhooldus)<\/td><td class=\"v\">55\u20ac<\/td><\/tr><\/table><\/div>[\/vc_column][\/vc_row][vc_row][vc_column]<div class=\"ozy-price-list ozy-border-color\"><h3>Nimue akne hooldus (SRC Aktiivhooldus)<\/h3><p>Kiire hooldus naha turgutamiseks. Sisaldab naha puhastust, koorimist ja kreemi. Lisaks saab klient valida, kas soovib oma naha vajadustele vastavat maski v\u00f5i n\u00e4o massazi.<\/p><table><tr><th>&nbsp;<\/th><th><\/th><\/tr><tr class=\"\"><td class=\"label\">Ekspressn\u00e4ohooldus, 30min<\/td><td class=\"v\">35\u20ac<\/td><\/tr><\/table><\/div>[\/vc_column][\/vc_row][vc_row][vc_column]<div class=\"ozy-price-list ozy-border-color\"><h3>L\u00f5unapausi hooldus - Termaalne Detox<\/h3><p>Termaalne Detox koorimine stimuleerib meeli oma rikka s\u00fcsimusta v\u00e4rviga, mullitava toime ja nahale tekitatud soojenemise aistinguga. Hoolduse k\u00e4igus nahk puhastub s\u00fcgavalt, oks\u00fcdeerub ja koorub. Tulemuseks on pooride suuruse v\u00e4henemine, peente kortsude pehmenemine, naha tekstuuri silumine, \u00fchtlasem n\u00e4otoon ning liigse rasu ja ebapuhtuse eemaldamine.<\/p><table><tr><th>&nbsp;<\/th><th><\/th><\/tr><tr class=\"\"><td class=\"label\">L\u00f5unapausi hooldus - Termaalne Detox<\/td><td class=\"v\">35\u20ac<\/td><\/tr><\/table><\/div>[\/vc_column][\/vc_row]<\/p>\n","protected":false},"excerpt":{"rendered":"<p>[vc_row][vc_column][vc_column_text]TAASNOORENDAV JA RAVIV N\u00c4OHOOLDUSSARI &#8211; NIMUE ilusalongis Maribell! NIMUE (h\u00e4\u00e4ldus: nimju) on uue generatsiooni dermakosmetseutiline (kosmeetika + farmatseutika) nahahooldussari, mis pakub efektiivseid hooldustooteid erinevatele nahat\u00fc\u00fcpidele ja vanusegruppidele. NIMUE nahaekspertide poolt [&hellip;]<\/p>\n","protected":false},"author":2,"featured_media":0,"parent":5145,"menu_order":0,"comment_status":"closed","ping_status":"closed","template":"","meta":{"ngg_post_thumbnail":0,"footnotes":""},"class_list":["post-5557","page","type-page","status-publish","hentry"],"yoast_head":"<!-- This site is optimized with the Yoast SEO plugin v24.9 - https:\/\/yoast.com\/wordpress\/plugins\/seo\/ -->\n<title>Nimue n\u00e4ohooldused - Ilusalong Maribell<\/title>\n<meta name=\"robots\" content=\"index, follow, max-snippet:-1, max-image-preview:large, max-video-preview:-1\" \/>\n<link rel=\"canonical\" href=\"https:\/\/www.maribell.ee\/en\/services\/cosmetic\/nimue-naohooldused\/\" \/>\n<meta property=\"og:locale\" content=\"en_US\" \/>\n<meta property=\"og:type\" content=\"article\" \/>\n<meta property=\"og:title\" content=\"Nimue n\u00e4ohooldused - Ilusalong Maribell\" \/>\n<meta property=\"og:description\" content=\"[vc_row][vc_column][vc_column_text]TAASNOORENDAV JA RAVIV N\u00c4OHOOLDUSSARI &#8211; NIMUE ilusalongis Maribell! NIMUE (h\u00e4\u00e4ldus: nimju) on uue generatsiooni dermakosmetseutiline (kosmeetika + farmatseutika) nahahooldussari, mis pakub efektiivseid hooldustooteid erinevatele nahat\u00fc\u00fcpidele ja vanusegruppidele. NIMUE nahaekspertide poolt [&hellip;]\" \/>\n<meta property=\"og:url\" content=\"https:\/\/www.maribell.ee\/en\/services\/cosmetic\/nimue-naohooldused\/\" \/>\n<meta property=\"og:site_name\" content=\"Ilusalong Maribell\" \/>\n<meta property=\"article:publisher\" content=\"https:\/\/www.facebook.com\/IlusalongMaribell\" \/>\n<meta property=\"article:modified_time\" content=\"2022-06-21T10:53:19+00:00\" \/>\n<meta property=\"og:image\" content=\"https:\/\/www.maribell.ee\/wp-content\/uploads\/2015\/03\/mbinstalogo.jpg\" \/>\n\t<meta property=\"og:image:width\" content=\"800\" \/>\n\t<meta property=\"og:image:height\" content=\"800\" \/>\n\t<meta property=\"og:image:type\" content=\"image\/jpeg\" \/>\n<meta name=\"twitter:card\" content=\"summary_large_image\" \/>\n<meta name=\"twitter:site\" content=\"@MaribellSalong\" \/>\n<meta name=\"twitter:label1\" content=\"Est. reading time\" \/>\n\t<meta name=\"twitter:data1\" content=\"4 minutes\" \/>\n<script type=\"application\/ld+json\" class=\"yoast-schema-graph\">{\"@context\":\"https:\/\/schema.org\",\"@graph\":[{\"@type\":\"WebPage\",\"@id\":\"https:\/\/www.maribell.ee\/en\/services\/cosmetic\/nimue-naohooldused\/\",\"url\":\"https:\/\/www.maribell.ee\/en\/services\/cosmetic\/nimue-naohooldused\/\",\"name\":\"Nimue n\u00e4ohooldused - Ilusalong Maribell\",\"isPartOf\":{\"@id\":\"https:\/\/www.maribell.ee\/#website\"},\"datePublished\":\"2017-04-27T06:42:16+00:00\",\"dateModified\":\"2022-06-21T10:53:19+00:00\",\"breadcrumb\":{\"@id\":\"https:\/\/www.maribell.ee\/en\/services\/cosmetic\/nimue-naohooldused\/#breadcrumb\"},\"inLanguage\":\"en-US\",\"potentialAction\":[{\"@type\":\"ReadAction\",\"target\":[\"https:\/\/www.maribell.ee\/en\/services\/cosmetic\/nimue-naohooldused\/\"]}]},{\"@type\":\"BreadcrumbList\",\"@id\":\"https:\/\/www.maribell.ee\/en\/services\/cosmetic\/nimue-naohooldused\/#breadcrumb\",\"itemListElement\":[{\"@type\":\"ListItem\",\"position\":1,\"name\":\"Home\",\"item\":\"http:\/\/www.maribell.ee\/en\/\"},{\"@type\":\"ListItem\",\"position\":2,\"name\":\"Services\",\"item\":\"http:\/\/www.maribell.ee\/en\/services\/\"},{\"@type\":\"ListItem\",\"position\":3,\"name\":\"Cosmetic\",\"item\":\"http:\/\/www.maribell.ee\/en\/services\/cosmetic\/\"},{\"@type\":\"ListItem\",\"position\":4,\"name\":\"Nimue n\u00e4ohooldused\"}]},{\"@type\":\"WebSite\",\"@id\":\"https:\/\/www.maribell.ee\/#website\",\"url\":\"https:\/\/www.maribell.ee\/\",\"name\":\"Ilusalong Maribell\",\"description\":\"Elu on ilus!\",\"potentialAction\":[{\"@type\":\"SearchAction\",\"target\":{\"@type\":\"EntryPoint\",\"urlTemplate\":\"https:\/\/www.maribell.ee\/?s={search_term_string}\"},\"query-input\":{\"@type\":\"PropertyValueSpecification\",\"valueRequired\":true,\"valueName\":\"search_term_string\"}}],\"inLanguage\":\"en-US\"}]}<\/script>\n<!-- \/ Yoast SEO plugin. -->","yoast_head_json":{"title":"Nimue n\u00e4ohooldused - Ilusalong Maribell","robots":{"index":"index","follow":"follow","max-snippet":"max-snippet:-1","max-image-preview":"max-image-preview:large","max-video-preview":"max-video-preview:-1"},"canonical":"https:\/\/www.maribell.ee\/en\/services\/cosmetic\/nimue-naohooldused\/","og_locale":"en_US","og_type":"article","og_title":"Nimue n\u00e4ohooldused - Ilusalong Maribell","og_description":"[vc_row][vc_column][vc_column_text]TAASNOORENDAV JA RAVIV N\u00c4OHOOLDUSSARI &#8211; NIMUE ilusalongis Maribell! NIMUE (h\u00e4\u00e4ldus: nimju) on uue generatsiooni dermakosmetseutiline (kosmeetika + farmatseutika) nahahooldussari, mis pakub efektiivseid hooldustooteid erinevatele nahat\u00fc\u00fcpidele ja vanusegruppidele. NIMUE nahaekspertide poolt [&hellip;]","og_url":"https:\/\/www.maribell.ee\/en\/services\/cosmetic\/nimue-naohooldused\/","og_site_name":"Ilusalong Maribell","article_publisher":"https:\/\/www.facebook.com\/IlusalongMaribell","article_modified_time":"2022-06-21T10:53:19+00:00","og_image":[{"width":800,"height":800,"url":"https:\/\/www.maribell.ee\/wp-content\/uploads\/2015\/03\/mbinstalogo.jpg","type":"image\/jpeg"}],"twitter_card":"summary_large_image","twitter_site":"@MaribellSalong","twitter_misc":{"Est. reading time":"4 minutes"},"schema":{"@context":"https:\/\/schema.org","@graph":[{"@type":"WebPage","@id":"https:\/\/www.maribell.ee\/en\/services\/cosmetic\/nimue-naohooldused\/","url":"https:\/\/www.maribell.ee\/en\/services\/cosmetic\/nimue-naohooldused\/","name":"Nimue n\u00e4ohooldused - Ilusalong Maribell","isPartOf":{"@id":"https:\/\/www.maribell.ee\/#website"},"datePublished":"2017-04-27T06:42:16+00:00","dateModified":"2022-06-21T10:53:19+00:00","breadcrumb":{"@id":"https:\/\/www.maribell.ee\/en\/services\/cosmetic\/nimue-naohooldused\/#breadcrumb"},"inLanguage":"en-US","potentialAction":[{"@type":"ReadAction","target":["https:\/\/www.maribell.ee\/en\/services\/cosmetic\/nimue-naohooldused\/"]}]},{"@type":"BreadcrumbList","@id":"https:\/\/www.maribell.ee\/en\/services\/cosmetic\/nimue-naohooldused\/#breadcrumb","itemListElement":[{"@type":"ListItem","position":1,"name":"Home","item":"http:\/\/www.maribell.ee\/en\/"},{"@type":"ListItem","position":2,"name":"Services","item":"http:\/\/www.maribell.ee\/en\/services\/"},{"@type":"ListItem","position":3,"name":"Cosmetic","item":"http:\/\/www.maribell.ee\/en\/services\/cosmetic\/"},{"@type":"ListItem","position":4,"name":"Nimue n\u00e4ohooldused"}]},{"@type":"WebSite","@id":"https:\/\/www.maribell.ee\/#website","url":"https:\/\/www.maribell.ee\/","name":"Ilusalong Maribell","description":"Elu on ilus!","potentialAction":[{"@type":"SearchAction","target":{"@type":"EntryPoint","urlTemplate":"https:\/\/www.maribell.ee\/?s={search_term_string}"},"query-input":{"@type":"PropertyValueSpecification","valueRequired":true,"valueName":"search_term_string"}}],"inLanguage":"en-US"}]}},"_links":{"self":[{"href":"https:\/\/www.maribell.ee\/en\/wp-json\/wp\/v2\/pages\/5557\/"}],"collection":[{"href":"https:\/\/www.maribell.ee\/en\/wp-json\/wp\/v2\/pages\/"}],"about":[{"href":"https:\/\/www.maribell.ee\/en\/wp-json\/wp\/v2\/types\/page\/"}],"author":[{"embeddable":true,"href":"https:\/\/www.maribell.ee\/en\/wp-json\/wp\/v2\/users\/2\/"}],"replies":[{"embeddable":true,"href":"https:\/\/www.maribell.ee\/en\/wp-json\/wp\/v2\/comments\/?post=5557"}],"version-history":[{"count":9,"href":"https:\/\/www.maribell.ee\/en\/wp-json\/wp\/v2\/pages\/5557\/revisions\/"}],"predecessor-version":[{"id":6889,"href":"https:\/\/www.maribell.ee\/en\/wp-json\/wp\/v2\/pages\/5557\/revisions\/6889\/"}],"up":[{"embeddable":true,"href":"https:\/\/www.maribell.ee\/en\/wp-json\/wp\/v2\/pages\/5145\/"}],"wp:attachment":[{"href":"https:\/\/www.maribell.ee\/en\/wp-json\/wp\/v2\/media\/?parent=5557"}],"curies":[{"name":"wp","href":"https:\/\/api.w.org\/{rel}","templated":true}]}}