{"id":3709,"date":"2015-03-01T03:41:56","date_gmt":"2015-03-01T01:41:56","guid":{"rendered":"http:\/\/www.maribell.ee\/?page_id=3709"},"modified":"2023-06-30T22:52:14","modified_gmt":"2023-06-30T19:52:14","slug":"campaigns","status":"publish","type":"page","link":"https:\/\/www.maribell.ee\/en\/campaigns\/","title":{"rendered":"Campaigns"},"content":{"rendered":"<p>[vc_row bg_parallax=&#8221;off&#8221; css=&#8221;.vc_custom_1424377879092{margin-top: 0px !important;margin-bottom: 0px !important;padding-top: 100px !important;padding-bottom: 100px !important;background-image: url(http:\/\/www.maribell.ee\/wp-content\/uploads\/2014\/10\/massaaz2.jpg?id=3365) !important;}&#8221;][vc_column width=&#8221;1\/2&#8243;][\/vc_column][vc_column width=&#8221;1\/2&#8243;][vc_row_inner css=&#8221;.vc_custom_1413925282048{background-color: rgba(255,255,255,0.85) !important;*background-color: rgb(255,255,255) !important;}&#8221;][vc_column_inner css=&#8221;.vc_custom_1413917123282{padding-right: 40px !important;padding-left: 40px !important;}&#8221;]<div class=\"ozy-floating-box\" style=\"height:500px;text-align:left\"><div>[vc_column_text css=&#8221;.vc_custom_1675283571536{margin-bottom: 0px !important;padding-bottom: 0px !important;}&#8221;]<\/p>\n<h2>&#8220;L\u00d5\u00d5GASTAV P\u00c4EV KAHELE&#8221; <span style=\"color: #ff0000;\">212\u20ac<\/span><\/h2>\n<h5>Tule ja naudi juba t\u00e4na!<\/h5>\n<p>&#8211; Klassikaline massaa\u017e<br \/>\n&#8211; Spa pedik\u00fc\u00fcr<br \/>\n&#8211; Spa manik\u00fc\u00fcr[\/vc_column_text]<\/div><\/div>[\/vc_column_inner][\/vc_row_inner][\/vc_column][\/vc_row][vc_row bg_parallax=&#8221;off&#8221; css=&#8221;.vc_custom_1424377892287{margin-top: 0px !important;margin-bottom: 0px !important;padding-top: 100px !important;padding-bottom: 100px !important;background-image: url(http:\/\/www.maribell.ee\/wp-content\/uploads\/2014\/10\/microneedling.jpg?id=3352) !important;}&#8221;][vc_column width=&#8221;1\/2&#8243;][vc_row_inner css=&#8221;.vc_custom_1413925290663{background-color: rgba(255,255,255,0.85) !important;*background-color: rgb(255,255,255) !important;}&#8221;][vc_column_inner css=&#8221;.vc_custom_1413917123282{padding-right: 40px !important;padding-left: 40px !important;}&#8221;]<div class=\"ozy-floating-box\" style=\"height:500px;text-align:left\"><div>[vc_column_text css=&#8221;.vc_custom_1424377704811{margin-top: 0px !important;margin-bottom: 0px !important;padding-top: 0px !important;padding-bottom: 0px !important;}&#8221;]<\/p>\n<h2><span style=\"color: #ff0000;\">143\u20ac<\/span> LUKSUSLIK L\u00d5\u00d5GASTUS<\/h2>\n<p>&#8211; Luksuslik s\u00fcvaniisutav hooldus p\u00e4rlimassaa\u017eiga<br \/>\n&#8211; Spa pedik\u00fc\u00fcr<br \/>\n&#8211; Aroomimassaa\u017e[\/vc_column_text][vc_text_separator title=&#8221;V\u00d5I&#8221; color=&#8221;black&#8221;][vc_column_text css=&#8221;.vc_custom_1688154731476{margin-top: 0px !important;margin-bottom: 0px !important;padding-top: 0px !important;padding-bottom: 0px !important;}&#8221;]<\/p>\n<h2>KAUNIS NAINE <span style=\"color: #ff0000;\"> 68\u20ac<\/span><\/h2>\n<p>&#8211; Pidulik soeng<br \/>\n&#8211; Meik[\/vc_column_text]<div class=\"wpb_content_element\" style=\"text-align:left;\"><h6 style=\"border:1px dashed #000000;background-color:#fff;color:#000000;padding:5px 10px;display:inline-block;\">Uued paketid<\/h6><\/div><\/div><\/div>[\/vc_column_inner][\/vc_row_inner][\/vc_column][vc_column width=&#8221;1\/2&#8243;][\/vc_column][\/vc_row]<\/p>\n","protected":false},"excerpt":{"rendered":"<p>[vc_row bg_parallax=&#8221;off&#8221; css=&#8221;.vc_custom_1424377879092{margin-top: 0px !important;margin-bottom: 0px !important;padding-top: 100px !important;padding-bottom: 100px !important;background-image: url(http:\/\/www.maribell.ee\/wp-content\/uploads\/2014\/10\/massaaz2.jpg?id=3365) !important;}&#8221;][vc_column width=&#8221;1\/2&#8243;][\/vc_column][vc_column width=&#8221;1\/2&#8243;][vc_row_inner css=&#8221;.vc_custom_1413925282048{background-color: rgba(255,255,255,0.85) !important;*background-color: rgb(255,255,255) !important;}&#8221;][vc_column_inner css=&#8221;.vc_custom_1413917123282{padding-right: 40px !important;padding-left: 40px !important;}&#8221;][\/vc_column_inner][\/vc_row_inner][\/vc_column][\/vc_row][vc_row bg_parallax=&#8221;off&#8221; css=&#8221;.vc_custom_1424377892287{margin-top: 0px !important;margin-bottom: 0px [&hellip;]<\/p>\n","protected":false},"author":1,"featured_media":0,"parent":0,"menu_order":0,"comment_status":"open","ping_status":"closed","template":"","meta":{"ngg_post_thumbnail":0,"footnotes":""},"class_list":["post-3709","page","type-page","status-publish","hentry"],"yoast_head":"<!-- This site is optimized with the Yoast SEO plugin v24.9 - https:\/\/yoast.com\/wordpress\/plugins\/seo\/ -->\n<title>Campaigns - Ilusalong Maribell<\/title>\n<meta name=\"robots\" content=\"index, follow, max-snippet:-1, max-image-preview:large, max-video-preview:-1\" \/>\n<link rel=\"canonical\" href=\"https:\/\/www.maribell.ee\/en\/campaigns\/\" \/>\n<meta property=\"og:locale\" content=\"en_US\" \/>\n<meta property=\"og:type\" content=\"article\" \/>\n<meta property=\"og:title\" content=\"Campaigns - Ilusalong Maribell\" \/>\n<meta property=\"og:description\" content=\"[vc_row bg_parallax=&#8221;off&#8221; css=&#8221;.vc_custom_1424377879092{margin-top: 0px !important;margin-bottom: 0px !important;padding-top: 100px !important;padding-bottom: 100px !important;background-image: url(http:\/\/www.maribell.ee\/wp-content\/uploads\/2014\/10\/massaaz2.jpg?id=3365) !important;}&#8221;][vc_column width=&#8221;1\/2&#8243;][\/vc_column][vc_column width=&#8221;1\/2&#8243;][vc_row_inner css=&#8221;.vc_custom_1413925282048{background-color: rgba(255,255,255,0.85) !important;*background-color: rgb(255,255,255) !important;}&#8221;][vc_column_inner css=&#8221;.vc_custom_1413917123282{padding-right: 40px !important;padding-left: 40px !important;}&#8221;][\/vc_column_inner][\/vc_row_inner][\/vc_column][\/vc_row][vc_row bg_parallax=&#8221;off&#8221; css=&#8221;.vc_custom_1424377892287{margin-top: 0px !important;margin-bottom: 0px [&hellip;]\" \/>\n<meta property=\"og:url\" content=\"https:\/\/www.maribell.ee\/en\/campaigns\/\" \/>\n<meta property=\"og:site_name\" content=\"Ilusalong Maribell\" \/>\n<meta property=\"article:publisher\" content=\"https:\/\/www.facebook.com\/IlusalongMaribell\" \/>\n<meta property=\"article:modified_time\" content=\"2023-06-30T19:52:14+00:00\" \/>\n<meta property=\"og:image\" content=\"https:\/\/www.maribell.ee\/wp-content\/uploads\/2015\/03\/mbinstalogo.jpg\" \/>\n\t<meta property=\"og:image:width\" content=\"800\" \/>\n\t<meta property=\"og:image:height\" content=\"800\" \/>\n\t<meta property=\"og:image:type\" content=\"image\/jpeg\" \/>\n<meta name=\"twitter:card\" content=\"summary_large_image\" \/>\n<meta name=\"twitter:site\" content=\"@MaribellSalong\" \/>\n<meta name=\"twitter:label1\" content=\"Est. reading time\" \/>\n\t<meta name=\"twitter:data1\" content=\"1 minute\" \/>\n<script type=\"application\/ld+json\" class=\"yoast-schema-graph\">{\"@context\":\"https:\/\/schema.org\",\"@graph\":[{\"@type\":\"WebPage\",\"@id\":\"https:\/\/www.maribell.ee\/en\/campaigns\/\",\"url\":\"https:\/\/www.maribell.ee\/en\/campaigns\/\",\"name\":\"Campaigns - Ilusalong Maribell\",\"isPartOf\":{\"@id\":\"https:\/\/www.maribell.ee\/#website\"},\"datePublished\":\"2015-03-01T01:41:56+00:00\",\"dateModified\":\"2023-06-30T19:52:14+00:00\",\"breadcrumb\":{\"@id\":\"https:\/\/www.maribell.ee\/en\/campaigns\/#breadcrumb\"},\"inLanguage\":\"en-US\",\"potentialAction\":[{\"@type\":\"ReadAction\",\"target\":[\"https:\/\/www.maribell.ee\/en\/campaigns\/\"]}]},{\"@type\":\"BreadcrumbList\",\"@id\":\"https:\/\/www.maribell.ee\/en\/campaigns\/#breadcrumb\",\"itemListElement\":[{\"@type\":\"ListItem\",\"position\":1,\"name\":\"Home\",\"item\":\"http:\/\/www.maribell.ee\/en\/\"},{\"@type\":\"ListItem\",\"position\":2,\"name\":\"Campaigns\"}]},{\"@type\":\"WebSite\",\"@id\":\"https:\/\/www.maribell.ee\/#website\",\"url\":\"https:\/\/www.maribell.ee\/\",\"name\":\"Ilusalong Maribell\",\"description\":\"Elu on ilus!\",\"potentialAction\":[{\"@type\":\"SearchAction\",\"target\":{\"@type\":\"EntryPoint\",\"urlTemplate\":\"https:\/\/www.maribell.ee\/?s={search_term_string}\"},\"query-input\":{\"@type\":\"PropertyValueSpecification\",\"valueRequired\":true,\"valueName\":\"search_term_string\"}}],\"inLanguage\":\"en-US\"}]}<\/script>\n<!-- \/ Yoast SEO plugin. -->","yoast_head_json":{"title":"Campaigns - Ilusalong Maribell","robots":{"index":"index","follow":"follow","max-snippet":"max-snippet:-1","max-image-preview":"max-image-preview:large","max-video-preview":"max-video-preview:-1"},"canonical":"https:\/\/www.maribell.ee\/en\/campaigns\/","og_locale":"en_US","og_type":"article","og_title":"Campaigns - Ilusalong Maribell","og_description":"[vc_row bg_parallax=&#8221;off&#8221; css=&#8221;.vc_custom_1424377879092{margin-top: 0px !important;margin-bottom: 0px !important;padding-top: 100px !important;padding-bottom: 100px !important;background-image: url(http:\/\/www.maribell.ee\/wp-content\/uploads\/2014\/10\/massaaz2.jpg?id=3365) !important;}&#8221;][vc_column width=&#8221;1\/2&#8243;][\/vc_column][vc_column width=&#8221;1\/2&#8243;][vc_row_inner css=&#8221;.vc_custom_1413925282048{background-color: rgba(255,255,255,0.85) !important;*background-color: rgb(255,255,255) !important;}&#8221;][vc_column_inner css=&#8221;.vc_custom_1413917123282{padding-right: 40px !important;padding-left: 40px !important;}&#8221;][\/vc_column_inner][\/vc_row_inner][\/vc_column][\/vc_row][vc_row bg_parallax=&#8221;off&#8221; css=&#8221;.vc_custom_1424377892287{margin-top: 0px !important;margin-bottom: 0px [&hellip;]","og_url":"https:\/\/www.maribell.ee\/en\/campaigns\/","og_site_name":"Ilusalong Maribell","article_publisher":"https:\/\/www.facebook.com\/IlusalongMaribell","article_modified_time":"2023-06-30T19:52:14+00:00","og_image":[{"width":800,"height":800,"url":"https:\/\/www.maribell.ee\/wp-content\/uploads\/2015\/03\/mbinstalogo.jpg","type":"image\/jpeg"}],"twitter_card":"summary_large_image","twitter_site":"@MaribellSalong","twitter_misc":{"Est. reading time":"1 minute"},"schema":{"@context":"https:\/\/schema.org","@graph":[{"@type":"WebPage","@id":"https:\/\/www.maribell.ee\/en\/campaigns\/","url":"https:\/\/www.maribell.ee\/en\/campaigns\/","name":"Campaigns - Ilusalong Maribell","isPartOf":{"@id":"https:\/\/www.maribell.ee\/#website"},"datePublished":"2015-03-01T01:41:56+00:00","dateModified":"2023-06-30T19:52:14+00:00","breadcrumb":{"@id":"https:\/\/www.maribell.ee\/en\/campaigns\/#breadcrumb"},"inLanguage":"en-US","potentialAction":[{"@type":"ReadAction","target":["https:\/\/www.maribell.ee\/en\/campaigns\/"]}]},{"@type":"BreadcrumbList","@id":"https:\/\/www.maribell.ee\/en\/campaigns\/#breadcrumb","itemListElement":[{"@type":"ListItem","position":1,"name":"Home","item":"http:\/\/www.maribell.ee\/en\/"},{"@type":"ListItem","position":2,"name":"Campaigns"}]},{"@type":"WebSite","@id":"https:\/\/www.maribell.ee\/#website","url":"https:\/\/www.maribell.ee\/","name":"Ilusalong Maribell","description":"Elu on ilus!","potentialAction":[{"@type":"SearchAction","target":{"@type":"EntryPoint","urlTemplate":"https:\/\/www.maribell.ee\/?s={search_term_string}"},"query-input":{"@type":"PropertyValueSpecification","valueRequired":true,"valueName":"search_term_string"}}],"inLanguage":"en-US"}]}},"_links":{"self":[{"href":"https:\/\/www.maribell.ee\/en\/wp-json\/wp\/v2\/pages\/3709\/"}],"collection":[{"href":"https:\/\/www.maribell.ee\/en\/wp-json\/wp\/v2\/pages\/"}],"about":[{"href":"https:\/\/www.maribell.ee\/en\/wp-json\/wp\/v2\/types\/page\/"}],"author":[{"embeddable":true,"href":"https:\/\/www.maribell.ee\/en\/wp-json\/wp\/v2\/users\/1\/"}],"replies":[{"embeddable":true,"href":"https:\/\/www.maribell.ee\/en\/wp-json\/wp\/v2\/comments\/?post=3709"}],"version-history":[{"count":3,"href":"https:\/\/www.maribell.ee\/en\/wp-json\/wp\/v2\/pages\/3709\/revisions\/"}],"predecessor-version":[{"id":6963,"href":"https:\/\/www.maribell.ee\/en\/wp-json\/wp\/v2\/pages\/3709\/revisions\/6963\/"}],"wp:attachment":[{"href":"https:\/\/www.maribell.ee\/en\/wp-json\/wp\/v2\/media\/?parent=3709"}],"curies":[{"name":"wp","href":"https:\/\/api.w.org\/{rel}","templated":true}]}}